{"id":24,"date":"2023-05-09T12:08:42","date_gmt":"2023-05-09T10:08:42","guid":{"rendered":"https:\/\/www.javelot-agriculture.com\/?page_id=24"},"modified":"2024-12-10T15:16:28","modified_gmt":"2024-12-10T14:16:28","slug":"nous-contacter","status":"publish","type":"page","link":"https:\/\/www.javelot-agriculture.com\/de\/kontakt\/","title":{"rendered":"Kontakt"},"content":{"rendered":"","protected":false},"excerpt":{"rendered":"","protected":false},"author":1,"featured_media":0,"parent":0,"menu_order":0,"comment_status":"closed","ping_status":"closed","template":"","meta":{"_acf_changed":false,"inline_featured_image":false,"footnotes":""},"class_list":["post-24","page","type-page","status-publish","hentry"],"acf":[],"yoast_head":"<!-- This site is optimized with the Yoast SEO plugin v23.9 - https:\/\/yoast.com\/wordpress\/plugins\/seo\/ -->\n<title>Contactez-nous pour une pr\u00e9sentation compl\u00e8te de nos solutions connect\u00e9es<\/title>\n<meta name=\"description\" content=\"Besoin d&#039;optimiser le stockage de vos grains ? Contactez Javelot pour en savoir plus sur nos solutions connect\u00e9es et d\u00e9couvrir comment nous pouvons r\u00e9pondre \u00e0 vos besoins en apr\u00e8s-r\u00e9colte.\" \/>\n<meta name=\"robots\" content=\"index, follow, max-snippet:-1, max-image-preview:large, max-video-preview:-1\" \/>\n<link rel=\"canonical\" href=\"https:\/\/www.javelot-agriculture.com\/de\/kontakt\/\" \/>\n<meta property=\"og:locale\" content=\"de_DE\" \/>\n<meta property=\"og:type\" content=\"article\" \/>\n<meta property=\"og:title\" content=\"Contactez-nous pour une pr\u00e9sentation compl\u00e8te de nos solutions connect\u00e9es\" \/>\n<meta property=\"og:description\" content=\"Besoin d&#039;optimiser le stockage de vos grains ? Contactez Javelot pour en savoir plus sur nos solutions connect\u00e9es et d\u00e9couvrir comment nous pouvons r\u00e9pondre \u00e0 vos besoins en apr\u00e8s-r\u00e9colte.\" \/>\n<meta property=\"og:url\" content=\"https:\/\/www.javelot-agriculture.com\/de\/kontakt\/\" \/>\n<meta property=\"og:site_name\" content=\"Javelot\" \/>\n<meta property=\"article:modified_time\" content=\"2024-12-10T14:16:28+00:00\" \/>\n<meta name=\"twitter:card\" content=\"summary_large_image\" \/>\n<meta name=\"twitter:label1\" content=\"Est. reading time\" \/>\n\t<meta name=\"twitter:data1\" content=\"1 minute\" \/>\n<script type=\"application\/ld+json\" class=\"yoast-schema-graph\">{\"@context\":\"https:\/\/schema.org\",\"@graph\":[{\"@type\":\"WebPage\",\"@id\":\"https:\/\/www.javelot-agriculture.com\/nous-contacter\/\",\"url\":\"https:\/\/www.javelot-agriculture.com\/nous-contacter\/\",\"name\":\"Contactez-nous pour une pr\u00e9sentation compl\u00e8te de nos solutions connect\u00e9es\",\"isPartOf\":{\"@id\":\"https:\/\/www.javelot-agriculture.com\/#website\"},\"datePublished\":\"2023-05-09T10:08:42+00:00\",\"dateModified\":\"2024-12-10T14:16:28+00:00\",\"description\":\"Besoin d'optimiser le stockage de vos grains ? Contactez Javelot pour en savoir plus sur nos solutions connect\u00e9es et d\u00e9couvrir comment nous pouvons r\u00e9pondre \u00e0 vos besoins en apr\u00e8s-r\u00e9colte.\",\"breadcrumb\":{\"@id\":\"https:\/\/www.javelot-agriculture.com\/nous-contacter\/#breadcrumb\"},\"inLanguage\":\"de-DE\",\"potentialAction\":[{\"@type\":\"ReadAction\",\"target\":[\"https:\/\/www.javelot-agriculture.com\/nous-contacter\/\"]}]},{\"@type\":\"BreadcrumbList\",\"@id\":\"https:\/\/www.javelot-agriculture.com\/nous-contacter\/#breadcrumb\",\"itemListElement\":[{\"@type\":\"ListItem\",\"position\":1,\"name\":\"Accueil\",\"item\":\"https:\/\/www.javelot-agriculture.com\/\"},{\"@type\":\"ListItem\",\"position\":2,\"name\":\"Nous contacter\"}]},{\"@type\":\"WebSite\",\"@id\":\"https:\/\/www.javelot-agriculture.com\/#website\",\"url\":\"https:\/\/www.javelot-agriculture.com\/\",\"name\":\"Javelot\",\"description\":\"Une Agritech qui optimise le stockage et la logistique agricole\",\"publisher\":{\"@id\":\"https:\/\/www.javelot-agriculture.com\/#organization\"},\"potentialAction\":[{\"@type\":\"SearchAction\",\"target\":{\"@type\":\"EntryPoint\",\"urlTemplate\":\"https:\/\/www.javelot-agriculture.com\/?s={search_term_string}\"},\"query-input\":{\"@type\":\"PropertyValueSpecification\",\"valueRequired\":true,\"valueName\":\"search_term_string\"}}],\"inLanguage\":\"de-DE\"},{\"@type\":\"Organization\",\"@id\":\"https:\/\/www.javelot-agriculture.com\/#organization\",\"name\":\"Javelot\",\"url\":\"https:\/\/www.javelot-agriculture.com\/\",\"logo\":{\"@type\":\"ImageObject\",\"inLanguage\":\"de-DE\",\"@id\":\"https:\/\/www.javelot-agriculture.com\/#\/schema\/logo\/image\/\",\"url\":\"https:\/\/www.javelot-agriculture.com\/wp-content\/uploads\/2023\/07\/Group-85.svg\",\"contentUrl\":\"https:\/\/www.javelot-agriculture.com\/wp-content\/uploads\/2023\/07\/Group-85.svg\",\"width\":173,\"height\":176,\"caption\":\"Javelot\"},\"image\":{\"@id\":\"https:\/\/www.javelot-agriculture.com\/#\/schema\/logo\/image\/\"}}]}<\/script>\n<!-- \/ Yoast SEO plugin. -->","yoast_head_json":{"title":"Contactez-nous pour une pr\u00e9sentation compl\u00e8te de nos solutions connect\u00e9es","description":"Besoin d'optimiser le stockage de vos grains ? Contactez Javelot pour en savoir plus sur nos solutions connect\u00e9es et d\u00e9couvrir comment nous pouvons r\u00e9pondre \u00e0 vos besoins en apr\u00e8s-r\u00e9colte.","robots":{"index":"index","follow":"follow","max-snippet":"max-snippet:-1","max-image-preview":"max-image-preview:large","max-video-preview":"max-video-preview:-1"},"canonical":"https:\/\/www.javelot-agriculture.com\/de\/kontakt\/","og_locale":"de_DE","og_type":"article","og_title":"Contactez-nous pour une pr\u00e9sentation compl\u00e8te de nos solutions connect\u00e9es","og_description":"Besoin d'optimiser le stockage de vos grains ? Contactez Javelot pour en savoir plus sur nos solutions connect\u00e9es et d\u00e9couvrir comment nous pouvons r\u00e9pondre \u00e0 vos besoins en apr\u00e8s-r\u00e9colte.","og_url":"https:\/\/www.javelot-agriculture.com\/de\/kontakt\/","og_site_name":"Javelot","article_modified_time":"2024-12-10T14:16:28+00:00","twitter_card":"summary_large_image","twitter_misc":{"Est. reading time":"1 minute"},"schema":{"@context":"https:\/\/schema.org","@graph":[{"@type":"WebPage","@id":"https:\/\/www.javelot-agriculture.com\/nous-contacter\/","url":"https:\/\/www.javelot-agriculture.com\/nous-contacter\/","name":"Contactez-nous pour une pr\u00e9sentation compl\u00e8te de nos solutions connect\u00e9es","isPartOf":{"@id":"https:\/\/www.javelot-agriculture.com\/#website"},"datePublished":"2023-05-09T10:08:42+00:00","dateModified":"2024-12-10T14:16:28+00:00","description":"Besoin d'optimiser le stockage de vos grains ? Contactez Javelot pour en savoir plus sur nos solutions connect\u00e9es et d\u00e9couvrir comment nous pouvons r\u00e9pondre \u00e0 vos besoins en apr\u00e8s-r\u00e9colte.","breadcrumb":{"@id":"https:\/\/www.javelot-agriculture.com\/nous-contacter\/#breadcrumb"},"inLanguage":"de-DE","potentialAction":[{"@type":"ReadAction","target":["https:\/\/www.javelot-agriculture.com\/nous-contacter\/"]}]},{"@type":"BreadcrumbList","@id":"https:\/\/www.javelot-agriculture.com\/nous-contacter\/#breadcrumb","itemListElement":[{"@type":"ListItem","position":1,"name":"Accueil","item":"https:\/\/www.javelot-agriculture.com\/"},{"@type":"ListItem","position":2,"name":"Nous contacter"}]},{"@type":"WebSite","@id":"https:\/\/www.javelot-agriculture.com\/#website","url":"https:\/\/www.javelot-agriculture.com\/","name":"Javelot","description":"Une Agritech qui optimise le stockage et la logistique agricole","publisher":{"@id":"https:\/\/www.javelot-agriculture.com\/#organization"},"potentialAction":[{"@type":"SearchAction","target":{"@type":"EntryPoint","urlTemplate":"https:\/\/www.javelot-agriculture.com\/?s={search_term_string}"},"query-input":{"@type":"PropertyValueSpecification","valueRequired":true,"valueName":"search_term_string"}}],"inLanguage":"de-DE"},{"@type":"Organization","@id":"https:\/\/www.javelot-agriculture.com\/#organization","name":"Javelot","url":"https:\/\/www.javelot-agriculture.com\/","logo":{"@type":"ImageObject","inLanguage":"de-DE","@id":"https:\/\/www.javelot-agriculture.com\/#\/schema\/logo\/image\/","url":"https:\/\/www.javelot-agriculture.com\/wp-content\/uploads\/2023\/07\/Group-85.svg","contentUrl":"https:\/\/www.javelot-agriculture.com\/wp-content\/uploads\/2023\/07\/Group-85.svg","width":173,"height":176,"caption":"Javelot"},"image":{"@id":"https:\/\/www.javelot-agriculture.com\/#\/schema\/logo\/image\/"}}]}},"_links":{"self":[{"href":"https:\/\/www.javelot-agriculture.com\/de\/wp-json\/wp\/v2\/pages\/24","targetHints":{"allow":["GET"]}}],"collection":[{"href":"https:\/\/www.javelot-agriculture.com\/de\/wp-json\/wp\/v2\/pages"}],"about":[{"href":"https:\/\/www.javelot-agriculture.com\/de\/wp-json\/wp\/v2\/types\/page"}],"author":[{"embeddable":true,"href":"https:\/\/www.javelot-agriculture.com\/de\/wp-json\/wp\/v2\/users\/1"}],"replies":[{"embeddable":true,"href":"https:\/\/www.javelot-agriculture.com\/de\/wp-json\/wp\/v2\/comments?post=24"}],"version-history":[{"count":3,"href":"https:\/\/www.javelot-agriculture.com\/de\/wp-json\/wp\/v2\/pages\/24\/revisions"}],"predecessor-version":[{"id":1825,"href":"https:\/\/www.javelot-agriculture.com\/de\/wp-json\/wp\/v2\/pages\/24\/revisions\/1825"}],"wp:attachment":[{"href":"https:\/\/www.javelot-agriculture.com\/de\/wp-json\/wp\/v2\/media?parent=24"}],"curies":[{"name":"wp","href":"https:\/\/api.w.org\/{rel}","templated":true}]}}