{"id":21,"date":"2023-05-09T12:03:57","date_gmt":"2023-05-09T10:03:57","guid":{"rendered":"https:\/\/www.javelot-agriculture.com\/?page_id=21"},"modified":"2024-12-10T15:16:00","modified_gmt":"2024-12-10T14:16:00","slug":"mentions-legales","status":"publish","type":"page","link":"https:\/\/www.javelot-agriculture.com\/en\/legal-notices\/","title":{"rendered":"Legal notices"},"content":{"rendered":"<h2 class=\"wp-block-heading\">Contact :<\/h2>\n\n\n\n<p>Javelot is a protected trademark.\nThe websites www.javelot.ag - www.javelot-agriculture.com - www.shop.javelot.ag - app.javelot.ag are the property of:\nJavelot, a simplified joint stock company with capital of \u20ac5,400, headquartered at 408 Rue Albert Bailly 59290 WASQUEHAL, France\nregistered under number 834 648 677 RCS Lille M\u00e9tropole\nEmail: info@javelot.ag\nTelephone: +33 3 66 88 21 94\nPublication manager: Mr. F\u00e9lix BONDUELLE, Managing Director of Javelot.<br>The www.javelot.ag - www.javelot-agriculture.com - www.shop.javelot.ag - app.javelot.ag websites are the property of:<br>Javelot, a simplified joint stock company with share capital of \u20ac5,400, having its registered office at 1001 Avenue de la R\u00e9publique, 59700 Marcq-en-Bar\u0153ul, France.<br>registered under number 834 648 677 RCS Lille M\u00e9tropole<br>Email : info@javelot.ag<br>Telephone: +33 3 66 88 21 94<br>Publication Director: Mr F\u00e9lix BONDUELLE, Managing Director of Javelot.<\/p>\n\n\n\n<h2 class=\"wp-block-heading\">Hosting :<\/h2>\n\n\n\n<p class=\" translation-block\">The www.javelot-agriculture.com website is hosted by\nOVH\nSAS with capital of \u20ac10,069,020\nRCS Lille M\u00e9tropole 424 761 419 00045\nCode APE 2620Z\nVAT NO.: FR 22 424 761 419\nHead office: 2 rue Kellermann - 59100 Roubaix - France<\/p>\n\n\n\n<h2 class=\"wp-block-heading\">Production : &nbsp;<\/h2>\n\n\n\n<p class=\" translation-block\">The www.javelot-agriculture.com website was created by the IT-Room agency\nCode APE 6202A\nVAT NUMBER: FR29430032854\nHead office: 5 All\u00e9e Gabert - 59510 Hem - France<\/p>\n\n\n\n<h2 class=\"wp-block-heading\">CNIL declaration :<\/h2>\n\n\n\n<p>In accordance with the French Data Protection Act 78-17 of January 6, 1978, as amended, this site has been the subject of a simplified declaration number 48 to the Commission Nationale de l'Informatique et des Libert\u00e9s (CNIL) under number 2097157 v 0.<\/p>\n\n\n\n<p>During your visit to this site or when using the Javelot service, you may be asked to enter personal information about yourself (last name, first name, email, company, telephone number, address, etc.).<\/p>\n\n\n\n<p>We would like to inform you that this information, collected via a form or otherwise, is recorded in a computerized file by Javelot and is intended for use by the IT, marketing and sales departments. Under no circumstances will this information be passed on, whether free of charge or in return for payment, to third parties, whether individuals or legal entities.<\/p>\n\n\n\n<p>In accordance with the French Data Protection Act, you may exercise your right to access and correct your personal data by contacting: info@javelot.ag<\/p>\n\n\n\n<h2 class=\"wp-block-heading\">Compliance with EU directive :<\/h2>\n\n\n\n<p>The undersigned, Javelot, declares that the radio equipment of the type, Flat'Javelot, Exte'Javelot, Verti'Javelot, Connect'Javelot, Venti'Javelot complies with Directive 2014\/53\/EU.<\/p>\n\n\n\n<p>The full text of the EU Declaration of Conformity is available under the following links:<\/p>\n\n\n\n<ul class=\"wp-block-list\">\n<li><a href=\"http:\/\/www.javelot.ag\/docs\/DECLARATION-CONFORMITE-RED-FlatJavelot.pdf\">EU Declaration of Conformity - Flat'Javelot<\/a><\/li>\n\n\n\n<li><a href=\"http:\/\/www.javelot.ag\/docs\/DECLARATION-CONFORMITE-RED-VertiJavelot.pdf\">EU Declaration of Conformity - Verti'Javelot<\/a><\/li>\n<\/ul>\n\n\n\n<h2 class=\"wp-block-heading\">Intellectual property :<\/h2>\n\n\n\n<p>The general structure, as well as the texts, images and animations making up this website, are the property of Javelot or third parties having authorized Javelot to use them. These elements are protected by copyright, design and model legislation, as well as by trademark legislation (in particular with regard to the Javelot trademark). Consequently, any reproduction, use, representation, reproduction, adaptation, in whole or in part, of any of these elements is forbidden without the express prior authorization of Javelot, with the exception of the exceptions set out in article L.122-5 of the French Intellectual Property Code.<\/p>\n\n\n\n<p>This representation or reproduction, by any means whatsoever, constitutes an infringement of copyright and\/or designs and\/or trademarks, punishable by the criminal and civil penalties provided for by the legislation in force.<\/p>","protected":false},"excerpt":{"rendered":"<p>Contact details Javelot is a protected trademark.www.javelot.ag - www.javelot-agriculture.com - www.shop.javelot.ag - app.javelot.ag are the property of:Javelot, a simplified joint stock company with capital of \u20ac5,400 with its registered office at 1001 Avenue de la R\u00e9publique, 59700 Marcq-en-Bar\u0153ul, FranceRegistered under number 834 648 677 RCS Lille M\u00e9tropoleEmail : info@javelot.agT\u00e9l\u00e9phone : +33 3 [...]<\/p>","protected":false},"author":1,"featured_media":0,"parent":0,"menu_order":0,"comment_status":"closed","ping_status":"closed","template":"","meta":{"_acf_changed":false,"inline_featured_image":false,"footnotes":""},"class_list":["post-21","page","type-page","status-publish","hentry"],"acf":[],"yoast_head":"<!-- This site is optimized with the Yoast SEO plugin v23.9 - https:\/\/yoast.com\/wordpress\/plugins\/seo\/ -->\n<title>Mentions l\u00e9gales Javelot : Sp\u00e9cialiste de l&#039;agriculture connect\u00e9e<\/title>\n<meta name=\"description\" content=\"Consultez les mentions l\u00e9gales de Javelot : informations sur l&#039;h\u00e9bergement, la propri\u00e9t\u00e9 intellectuelle, la conformit\u00e9 CNIL, et les coordonn\u00e9es l\u00e9gales de notre entreprise.\" \/>\n<meta name=\"robots\" content=\"index, follow, max-snippet:-1, max-image-preview:large, max-video-preview:-1\" \/>\n<link rel=\"canonical\" href=\"https:\/\/www.javelot-agriculture.com\/en\/legal-notices\/\" \/>\n<meta property=\"og:locale\" content=\"en_GB\" \/>\n<meta property=\"og:type\" content=\"article\" \/>\n<meta property=\"og:title\" content=\"Mentions l\u00e9gales Javelot : Sp\u00e9cialiste de l&#039;agriculture connect\u00e9e\" \/>\n<meta property=\"og:description\" content=\"Consultez les mentions l\u00e9gales de Javelot : informations sur l&#039;h\u00e9bergement, la propri\u00e9t\u00e9 intellectuelle, la conformit\u00e9 CNIL, et les coordonn\u00e9es l\u00e9gales de notre entreprise.\" \/>\n<meta property=\"og:url\" content=\"https:\/\/www.javelot-agriculture.com\/en\/legal-notices\/\" \/>\n<meta property=\"og:site_name\" content=\"Javelot\" \/>\n<meta property=\"article:modified_time\" content=\"2024-12-10T14:16:00+00:00\" \/>\n<meta name=\"twitter:card\" content=\"summary_large_image\" \/>\n<meta name=\"twitter:label1\" content=\"Est. reading time\" \/>\n\t<meta name=\"twitter:data1\" content=\"3 minutes\" \/>\n<script type=\"application\/ld+json\" class=\"yoast-schema-graph\">{\"@context\":\"https:\/\/schema.org\",\"@graph\":[{\"@type\":\"WebPage\",\"@id\":\"https:\/\/www.javelot-agriculture.com\/mentions-legales\/\",\"url\":\"https:\/\/www.javelot-agriculture.com\/mentions-legales\/\",\"name\":\"Mentions l\u00e9gales Javelot : Sp\u00e9cialiste de l'agriculture connect\u00e9e\",\"isPartOf\":{\"@id\":\"https:\/\/www.javelot-agriculture.com\/#website\"},\"datePublished\":\"2023-05-09T10:03:57+00:00\",\"dateModified\":\"2024-12-10T14:16:00+00:00\",\"description\":\"Consultez les mentions l\u00e9gales de Javelot : informations sur l'h\u00e9bergement, la propri\u00e9t\u00e9 intellectuelle, la conformit\u00e9 CNIL, et les coordonn\u00e9es l\u00e9gales de notre entreprise.\",\"breadcrumb\":{\"@id\":\"https:\/\/www.javelot-agriculture.com\/mentions-legales\/#breadcrumb\"},\"inLanguage\":\"en-GB\",\"potentialAction\":[{\"@type\":\"ReadAction\",\"target\":[\"https:\/\/www.javelot-agriculture.com\/mentions-legales\/\"]}]},{\"@type\":\"BreadcrumbList\",\"@id\":\"https:\/\/www.javelot-agriculture.com\/mentions-legales\/#breadcrumb\",\"itemListElement\":[{\"@type\":\"ListItem\",\"position\":1,\"name\":\"Accueil\",\"item\":\"https:\/\/www.javelot-agriculture.com\/\"},{\"@type\":\"ListItem\",\"position\":2,\"name\":\"Mentions l\u00e9gales\"}]},{\"@type\":\"WebSite\",\"@id\":\"https:\/\/www.javelot-agriculture.com\/#website\",\"url\":\"https:\/\/www.javelot-agriculture.com\/\",\"name\":\"Javelot\",\"description\":\"Une Agritech qui optimise le stockage et la logistique agricole\",\"publisher\":{\"@id\":\"https:\/\/www.javelot-agriculture.com\/#organization\"},\"potentialAction\":[{\"@type\":\"SearchAction\",\"target\":{\"@type\":\"EntryPoint\",\"urlTemplate\":\"https:\/\/www.javelot-agriculture.com\/?s={search_term_string}\"},\"query-input\":{\"@type\":\"PropertyValueSpecification\",\"valueRequired\":true,\"valueName\":\"search_term_string\"}}],\"inLanguage\":\"en-GB\"},{\"@type\":\"Organization\",\"@id\":\"https:\/\/www.javelot-agriculture.com\/#organization\",\"name\":\"Javelot\",\"url\":\"https:\/\/www.javelot-agriculture.com\/\",\"logo\":{\"@type\":\"ImageObject\",\"inLanguage\":\"en-GB\",\"@id\":\"https:\/\/www.javelot-agriculture.com\/#\/schema\/logo\/image\/\",\"url\":\"https:\/\/www.javelot-agriculture.com\/wp-content\/uploads\/2023\/07\/Group-85.svg\",\"contentUrl\":\"https:\/\/www.javelot-agriculture.com\/wp-content\/uploads\/2023\/07\/Group-85.svg\",\"width\":173,\"height\":176,\"caption\":\"Javelot\"},\"image\":{\"@id\":\"https:\/\/www.javelot-agriculture.com\/#\/schema\/logo\/image\/\"}}]}<\/script>\n<!-- \/ Yoast SEO plugin. -->","yoast_head_json":{"title":"Mentions l\u00e9gales Javelot : Sp\u00e9cialiste de l'agriculture connect\u00e9e","description":"Consultez les mentions l\u00e9gales de Javelot : informations sur l'h\u00e9bergement, la propri\u00e9t\u00e9 intellectuelle, la conformit\u00e9 CNIL, et les coordonn\u00e9es l\u00e9gales de notre entreprise.","robots":{"index":"index","follow":"follow","max-snippet":"max-snippet:-1","max-image-preview":"max-image-preview:large","max-video-preview":"max-video-preview:-1"},"canonical":"https:\/\/www.javelot-agriculture.com\/en\/legal-notices\/","og_locale":"en_GB","og_type":"article","og_title":"Mentions l\u00e9gales Javelot : Sp\u00e9cialiste de l'agriculture connect\u00e9e","og_description":"Consultez les mentions l\u00e9gales de Javelot : informations sur l'h\u00e9bergement, la propri\u00e9t\u00e9 intellectuelle, la conformit\u00e9 CNIL, et les coordonn\u00e9es l\u00e9gales de notre entreprise.","og_url":"https:\/\/www.javelot-agriculture.com\/en\/legal-notices\/","og_site_name":"Javelot","article_modified_time":"2024-12-10T14:16:00+00:00","twitter_card":"summary_large_image","twitter_misc":{"Est. reading time":"3 minutes"},"schema":{"@context":"https:\/\/schema.org","@graph":[{"@type":"WebPage","@id":"https:\/\/www.javelot-agriculture.com\/mentions-legales\/","url":"https:\/\/www.javelot-agriculture.com\/mentions-legales\/","name":"Mentions l\u00e9gales Javelot : Sp\u00e9cialiste de l'agriculture connect\u00e9e","isPartOf":{"@id":"https:\/\/www.javelot-agriculture.com\/#website"},"datePublished":"2023-05-09T10:03:57+00:00","dateModified":"2024-12-10T14:16:00+00:00","description":"Consultez les mentions l\u00e9gales de Javelot : informations sur l'h\u00e9bergement, la propri\u00e9t\u00e9 intellectuelle, la conformit\u00e9 CNIL, et les coordonn\u00e9es l\u00e9gales de notre entreprise.","breadcrumb":{"@id":"https:\/\/www.javelot-agriculture.com\/mentions-legales\/#breadcrumb"},"inLanguage":"en-GB","potentialAction":[{"@type":"ReadAction","target":["https:\/\/www.javelot-agriculture.com\/mentions-legales\/"]}]},{"@type":"BreadcrumbList","@id":"https:\/\/www.javelot-agriculture.com\/mentions-legales\/#breadcrumb","itemListElement":[{"@type":"ListItem","position":1,"name":"Accueil","item":"https:\/\/www.javelot-agriculture.com\/"},{"@type":"ListItem","position":2,"name":"Mentions l\u00e9gales"}]},{"@type":"WebSite","@id":"https:\/\/www.javelot-agriculture.com\/#website","url":"https:\/\/www.javelot-agriculture.com\/","name":"Javelot","description":"Une Agritech qui optimise le stockage et la logistique agricole","publisher":{"@id":"https:\/\/www.javelot-agriculture.com\/#organization"},"potentialAction":[{"@type":"SearchAction","target":{"@type":"EntryPoint","urlTemplate":"https:\/\/www.javelot-agriculture.com\/?s={search_term_string}"},"query-input":{"@type":"PropertyValueSpecification","valueRequired":true,"valueName":"search_term_string"}}],"inLanguage":"en-GB"},{"@type":"Organization","@id":"https:\/\/www.javelot-agriculture.com\/#organization","name":"Javelot","url":"https:\/\/www.javelot-agriculture.com\/","logo":{"@type":"ImageObject","inLanguage":"en-GB","@id":"https:\/\/www.javelot-agriculture.com\/#\/schema\/logo\/image\/","url":"https:\/\/www.javelot-agriculture.com\/wp-content\/uploads\/2023\/07\/Group-85.svg","contentUrl":"https:\/\/www.javelot-agriculture.com\/wp-content\/uploads\/2023\/07\/Group-85.svg","width":173,"height":176,"caption":"Javelot"},"image":{"@id":"https:\/\/www.javelot-agriculture.com\/#\/schema\/logo\/image\/"}}]}},"_links":{"self":[{"href":"https:\/\/www.javelot-agriculture.com\/en\/wp-json\/wp\/v2\/pages\/21","targetHints":{"allow":["GET"]}}],"collection":[{"href":"https:\/\/www.javelot-agriculture.com\/en\/wp-json\/wp\/v2\/pages"}],"about":[{"href":"https:\/\/www.javelot-agriculture.com\/en\/wp-json\/wp\/v2\/types\/page"}],"author":[{"embeddable":true,"href":"https:\/\/www.javelot-agriculture.com\/en\/wp-json\/wp\/v2\/users\/1"}],"replies":[{"embeddable":true,"href":"https:\/\/www.javelot-agriculture.com\/en\/wp-json\/wp\/v2\/comments?post=21"}],"version-history":[{"count":5,"href":"https:\/\/www.javelot-agriculture.com\/en\/wp-json\/wp\/v2\/pages\/21\/revisions"}],"predecessor-version":[{"id":2256,"href":"https:\/\/www.javelot-agriculture.com\/en\/wp-json\/wp\/v2\/pages\/21\/revisions\/2256"}],"wp:attachment":[{"href":"https:\/\/www.javelot-agriculture.com\/en\/wp-json\/wp\/v2\/media?parent=21"}],"curies":[{"name":"wp","href":"https:\/\/api.w.org\/{rel}","templated":true}]}}