{"id":2921,"date":"2026-03-16T15:43:54","date_gmt":"2026-03-16T14:43:54","guid":{"rendered":"https:\/\/www.javelot-agriculture.com\/?page_id=2921"},"modified":"2026-04-14T16:17:04","modified_gmt":"2026-04-14T14:17:04","slug":"notre-engagement-rse","status":"publish","type":"page","link":"https:\/\/www.javelot-agriculture.com\/en\/who-are-we\/notre-engagement-rse\/","title":{"rendered":"Notre engagement RSE"},"content":{"rendered":"","protected":false},"excerpt":{"rendered":"","protected":false},"author":11,"featured_media":0,"parent":15,"menu_order":1,"comment_status":"closed","ping_status":"closed","template":"","meta":{"_acf_changed":false,"inline_featured_image":false,"footnotes":""},"class_list":["post-2921","page","type-page","status-publish","hentry"],"acf":[],"yoast_head":"<!-- This site is optimized with the Yoast SEO plugin v23.9 - https:\/\/yoast.com\/wordpress\/plugins\/seo\/ -->\n<title>Notre engagement RSE | Javelot<\/title>\n<meta name=\"description\" content=\"Chez Javelot, la RSE n\u2019est pas un volet \u00e0 part : elle est au c\u0153ur de notre strat\u00e9gie, guide nos d\u00e9cisions et constitue un levier de performance durable\" \/>\n<meta name=\"robots\" content=\"index, follow, max-snippet:-1, max-image-preview:large, max-video-preview:-1\" \/>\n<link rel=\"canonical\" href=\"https:\/\/www.javelot-agriculture.com\/en\/who-are-we\/notre-engagement-rse\/\" \/>\n<meta property=\"og:locale\" content=\"en_GB\" \/>\n<meta property=\"og:type\" content=\"article\" \/>\n<meta property=\"og:title\" content=\"Notre engagement RSE | Javelot\" \/>\n<meta property=\"og:description\" content=\"Chez Javelot, la RSE n\u2019est pas un volet \u00e0 part : elle est au c\u0153ur de notre strat\u00e9gie, guide nos d\u00e9cisions et constitue un levier de performance durable\" \/>\n<meta property=\"og:url\" content=\"https:\/\/www.javelot-agriculture.com\/en\/who-are-we\/notre-engagement-rse\/\" \/>\n<meta property=\"og:site_name\" content=\"Javelot\" \/>\n<meta property=\"article:modified_time\" content=\"2026-04-14T14:17:04+00:00\" \/>\n<meta name=\"twitter:card\" content=\"summary_large_image\" \/>\n<meta name=\"twitter:label1\" content=\"Est. reading time\" \/>\n\t<meta name=\"twitter:data1\" content=\"12 minutes\" \/>\n<script type=\"application\/ld+json\" class=\"yoast-schema-graph\">{\"@context\":\"https:\/\/schema.org\",\"@graph\":[{\"@type\":\"WebPage\",\"@id\":\"https:\/\/www.javelot-agriculture.com\/qui-sommes-nous\/notre-engagement-rse\/\",\"url\":\"https:\/\/www.javelot-agriculture.com\/qui-sommes-nous\/notre-engagement-rse\/\",\"name\":\"Notre engagement RSE | Javelot\",\"isPartOf\":{\"@id\":\"https:\/\/www.javelot-agriculture.com\/#website\"},\"datePublished\":\"2026-03-16T14:43:54+00:00\",\"dateModified\":\"2026-04-14T14:17:04+00:00\",\"description\":\"Chez Javelot, la RSE n\u2019est pas un volet \u00e0 part : elle est au c\u0153ur de notre strat\u00e9gie, guide nos d\u00e9cisions et constitue un levier de performance durable\",\"breadcrumb\":{\"@id\":\"https:\/\/www.javelot-agriculture.com\/qui-sommes-nous\/notre-engagement-rse\/#breadcrumb\"},\"inLanguage\":\"en-GB\",\"potentialAction\":[{\"@type\":\"ReadAction\",\"target\":[\"https:\/\/www.javelot-agriculture.com\/qui-sommes-nous\/notre-engagement-rse\/\"]}]},{\"@type\":\"BreadcrumbList\",\"@id\":\"https:\/\/www.javelot-agriculture.com\/qui-sommes-nous\/notre-engagement-rse\/#breadcrumb\",\"itemListElement\":[{\"@type\":\"ListItem\",\"position\":1,\"name\":\"Accueil\",\"item\":\"https:\/\/www.javelot-agriculture.com\/\"},{\"@type\":\"ListItem\",\"position\":2,\"name\":\"Qui sommes nous ?\",\"item\":\"https:\/\/www.javelot-agriculture.com\/qui-sommes-nous\/\"},{\"@type\":\"ListItem\",\"position\":3,\"name\":\"Notre engagement RSE\"}]},{\"@type\":\"WebSite\",\"@id\":\"https:\/\/www.javelot-agriculture.com\/#website\",\"url\":\"https:\/\/www.javelot-agriculture.com\/\",\"name\":\"Javelot\",\"description\":\"Une Agritech qui optimise le stockage et la logistique agricole\",\"publisher\":{\"@id\":\"https:\/\/www.javelot-agriculture.com\/#organization\"},\"potentialAction\":[{\"@type\":\"SearchAction\",\"target\":{\"@type\":\"EntryPoint\",\"urlTemplate\":\"https:\/\/www.javelot-agriculture.com\/?s={search_term_string}\"},\"query-input\":{\"@type\":\"PropertyValueSpecification\",\"valueRequired\":true,\"valueName\":\"search_term_string\"}}],\"inLanguage\":\"en-GB\"},{\"@type\":\"Organization\",\"@id\":\"https:\/\/www.javelot-agriculture.com\/#organization\",\"name\":\"Javelot\",\"url\":\"https:\/\/www.javelot-agriculture.com\/\",\"logo\":{\"@type\":\"ImageObject\",\"inLanguage\":\"en-GB\",\"@id\":\"https:\/\/www.javelot-agriculture.com\/#\/schema\/logo\/image\/\",\"url\":\"https:\/\/www.javelot-agriculture.com\/wp-content\/uploads\/2023\/07\/Group-85.svg\",\"contentUrl\":\"https:\/\/www.javelot-agriculture.com\/wp-content\/uploads\/2023\/07\/Group-85.svg\",\"width\":173,\"height\":176,\"caption\":\"Javelot\"},\"image\":{\"@id\":\"https:\/\/www.javelot-agriculture.com\/#\/schema\/logo\/image\/\"}}]}<\/script>\n<!-- \/ Yoast SEO plugin. -->","yoast_head_json":{"title":"Notre engagement RSE | Javelot","description":"Chez Javelot, la RSE n\u2019est pas un volet \u00e0 part : elle est au c\u0153ur de notre strat\u00e9gie, guide nos d\u00e9cisions et constitue un levier de performance durable","robots":{"index":"index","follow":"follow","max-snippet":"max-snippet:-1","max-image-preview":"max-image-preview:large","max-video-preview":"max-video-preview:-1"},"canonical":"https:\/\/www.javelot-agriculture.com\/en\/who-are-we\/notre-engagement-rse\/","og_locale":"en_GB","og_type":"article","og_title":"Notre engagement RSE | Javelot","og_description":"Chez Javelot, la RSE n\u2019est pas un volet \u00e0 part : elle est au c\u0153ur de notre strat\u00e9gie, guide nos d\u00e9cisions et constitue un levier de performance durable","og_url":"https:\/\/www.javelot-agriculture.com\/en\/who-are-we\/notre-engagement-rse\/","og_site_name":"Javelot","article_modified_time":"2026-04-14T14:17:04+00:00","twitter_card":"summary_large_image","twitter_misc":{"Est. reading time":"12 minutes"},"schema":{"@context":"https:\/\/schema.org","@graph":[{"@type":"WebPage","@id":"https:\/\/www.javelot-agriculture.com\/qui-sommes-nous\/notre-engagement-rse\/","url":"https:\/\/www.javelot-agriculture.com\/qui-sommes-nous\/notre-engagement-rse\/","name":"Notre engagement RSE | Javelot","isPartOf":{"@id":"https:\/\/www.javelot-agriculture.com\/#website"},"datePublished":"2026-03-16T14:43:54+00:00","dateModified":"2026-04-14T14:17:04+00:00","description":"Chez Javelot, la RSE n\u2019est pas un volet \u00e0 part : elle est au c\u0153ur de notre strat\u00e9gie, guide nos d\u00e9cisions et constitue un levier de performance durable","breadcrumb":{"@id":"https:\/\/www.javelot-agriculture.com\/qui-sommes-nous\/notre-engagement-rse\/#breadcrumb"},"inLanguage":"en-GB","potentialAction":[{"@type":"ReadAction","target":["https:\/\/www.javelot-agriculture.com\/qui-sommes-nous\/notre-engagement-rse\/"]}]},{"@type":"BreadcrumbList","@id":"https:\/\/www.javelot-agriculture.com\/qui-sommes-nous\/notre-engagement-rse\/#breadcrumb","itemListElement":[{"@type":"ListItem","position":1,"name":"Accueil","item":"https:\/\/www.javelot-agriculture.com\/"},{"@type":"ListItem","position":2,"name":"Qui sommes nous ?","item":"https:\/\/www.javelot-agriculture.com\/qui-sommes-nous\/"},{"@type":"ListItem","position":3,"name":"Notre engagement RSE"}]},{"@type":"WebSite","@id":"https:\/\/www.javelot-agriculture.com\/#website","url":"https:\/\/www.javelot-agriculture.com\/","name":"Javelot","description":"Une Agritech qui optimise le stockage et la logistique agricole","publisher":{"@id":"https:\/\/www.javelot-agriculture.com\/#organization"},"potentialAction":[{"@type":"SearchAction","target":{"@type":"EntryPoint","urlTemplate":"https:\/\/www.javelot-agriculture.com\/?s={search_term_string}"},"query-input":{"@type":"PropertyValueSpecification","valueRequired":true,"valueName":"search_term_string"}}],"inLanguage":"en-GB"},{"@type":"Organization","@id":"https:\/\/www.javelot-agriculture.com\/#organization","name":"Javelot","url":"https:\/\/www.javelot-agriculture.com\/","logo":{"@type":"ImageObject","inLanguage":"en-GB","@id":"https:\/\/www.javelot-agriculture.com\/#\/schema\/logo\/image\/","url":"https:\/\/www.javelot-agriculture.com\/wp-content\/uploads\/2023\/07\/Group-85.svg","contentUrl":"https:\/\/www.javelot-agriculture.com\/wp-content\/uploads\/2023\/07\/Group-85.svg","width":173,"height":176,"caption":"Javelot"},"image":{"@id":"https:\/\/www.javelot-agriculture.com\/#\/schema\/logo\/image\/"}}]}},"_links":{"self":[{"href":"https:\/\/www.javelot-agriculture.com\/en\/wp-json\/wp\/v2\/pages\/2921","targetHints":{"allow":["GET"]}}],"collection":[{"href":"https:\/\/www.javelot-agriculture.com\/en\/wp-json\/wp\/v2\/pages"}],"about":[{"href":"https:\/\/www.javelot-agriculture.com\/en\/wp-json\/wp\/v2\/types\/page"}],"author":[{"embeddable":true,"href":"https:\/\/www.javelot-agriculture.com\/en\/wp-json\/wp\/v2\/users\/11"}],"replies":[{"embeddable":true,"href":"https:\/\/www.javelot-agriculture.com\/en\/wp-json\/wp\/v2\/comments?post=2921"}],"version-history":[{"count":2,"href":"https:\/\/www.javelot-agriculture.com\/en\/wp-json\/wp\/v2\/pages\/2921\/revisions"}],"predecessor-version":[{"id":3190,"href":"https:\/\/www.javelot-agriculture.com\/en\/wp-json\/wp\/v2\/pages\/2921\/revisions\/3190"}],"up":[{"embeddable":true,"href":"https:\/\/www.javelot-agriculture.com\/en\/wp-json\/wp\/v2\/pages\/15"}],"wp:attachment":[{"href":"https:\/\/www.javelot-agriculture.com\/en\/wp-json\/wp\/v2\/media?parent=2921"}],"curies":[{"name":"wp","href":"https:\/\/api.w.org\/{rel}","templated":true}]}}