{"id":186,"date":"2023-06-12T09:33:41","date_gmt":"2023-06-12T07:33:41","guid":{"rendered":"https:\/\/www.javelot-agriculture.com\/?page_id=186"},"modified":"2025-04-24T16:53:58","modified_gmt":"2025-04-24T14:53:58","slug":"https-www-javelot-agriculture-com-solutions-coop-negoces-store-save","status":"publish","type":"page","link":"https:\/\/www.javelot-agriculture.com\/pl\/rozwiazania\/rolnicy-store-save\/https-www-javelot-agriculture-com-solutions-coop-negoces-store-save\/","title":{"rendered":"Optymalizacja przechowywania i kontrola wentylacji"},"content":{"rendered":"","protected":false},"excerpt":{"rendered":"","protected":false},"author":1,"featured_media":0,"parent":26,"menu_order":0,"comment_status":"closed","ping_status":"closed","template":"","meta":{"_acf_changed":false,"inline_featured_image":false,"footnotes":""},"class_list":["post-186","page","type-page","status-publish","hentry"],"acf":[],"yoast_head":"<!-- This site is optimized with the Yoast SEO plugin v23.9 - https:\/\/yoast.com\/wordpress\/plugins\/seo\/ -->\n<title>Plateforme connect\u00e9e pour le stockage agricole : Store &amp; Save<\/title>\n<meta name=\"description\" content=\"La plateforme Store &amp; Save permet aux agriculteurs de g\u00e9rer, \u00e0 distance, le stockage des c\u00e9r\u00e9ales : temp\u00e9rature, ventilation, tra\u00e7abilit\u00e9...\" \/>\n<meta name=\"robots\" content=\"index, follow, max-snippet:-1, max-image-preview:large, max-video-preview:-1\" \/>\n<link rel=\"canonical\" href=\"https:\/\/www.javelot-agriculture.com\/pl\/rozwiazania\/rolnicy-store-save\/https-www-javelot-agriculture-com-solutions-coop-negoces-store-save\/\" \/>\n<meta property=\"og:locale\" content=\"pl_PL\" \/>\n<meta property=\"og:type\" content=\"article\" \/>\n<meta property=\"og:title\" content=\"Plateforme connect\u00e9e pour le stockage agricole : Store &amp; Save\" \/>\n<meta property=\"og:description\" content=\"La plateforme Store &amp; Save permet aux agriculteurs de g\u00e9rer, \u00e0 distance, le stockage des c\u00e9r\u00e9ales : temp\u00e9rature, ventilation, tra\u00e7abilit\u00e9...\" \/>\n<meta property=\"og:url\" content=\"https:\/\/www.javelot-agriculture.com\/pl\/rozwiazania\/rolnicy-store-save\/https-www-javelot-agriculture-com-solutions-coop-negoces-store-save\/\" \/>\n<meta property=\"og:site_name\" content=\"Javelot\" \/>\n<meta property=\"article:modified_time\" content=\"2025-04-24T14:53:58+00:00\" \/>\n<meta name=\"twitter:card\" content=\"summary_large_image\" \/>\n<script type=\"application\/ld+json\" class=\"yoast-schema-graph\">{\"@context\":\"https:\/\/schema.org\",\"@graph\":[{\"@type\":\"WebPage\",\"@id\":\"https:\/\/www.javelot-agriculture.com\/solutions\/agriculteurs-store-save\/https-www-javelot-agriculture-com-solutions-coop-negoces-store-save\/\",\"url\":\"https:\/\/www.javelot-agriculture.com\/solutions\/agriculteurs-store-save\/https-www-javelot-agriculture-com-solutions-coop-negoces-store-save\/\",\"name\":\"Plateforme connect\u00e9e pour le stockage agricole : Store & Save\",\"isPartOf\":{\"@id\":\"https:\/\/www.javelot-agriculture.com\/#website\"},\"datePublished\":\"2023-06-12T07:33:41+00:00\",\"dateModified\":\"2025-04-24T14:53:58+00:00\",\"description\":\"La plateforme Store & Save permet aux agriculteurs de g\u00e9rer, \u00e0 distance, le stockage des c\u00e9r\u00e9ales : temp\u00e9rature, ventilation, tra\u00e7abilit\u00e9...\",\"breadcrumb\":{\"@id\":\"https:\/\/www.javelot-agriculture.com\/solutions\/agriculteurs-store-save\/https-www-javelot-agriculture-com-solutions-coop-negoces-store-save\/#breadcrumb\"},\"inLanguage\":\"pl-PL\",\"potentialAction\":[{\"@type\":\"ReadAction\",\"target\":[\"https:\/\/www.javelot-agriculture.com\/solutions\/agriculteurs-store-save\/https-www-javelot-agriculture-com-solutions-coop-negoces-store-save\/\"]}]},{\"@type\":\"BreadcrumbList\",\"@id\":\"https:\/\/www.javelot-agriculture.com\/solutions\/agriculteurs-store-save\/https-www-javelot-agriculture-com-solutions-coop-negoces-store-save\/#breadcrumb\",\"itemListElement\":[{\"@type\":\"ListItem\",\"position\":1,\"name\":\"Accueil\",\"item\":\"https:\/\/www.javelot-agriculture.com\/\"},{\"@type\":\"ListItem\",\"position\":2,\"name\":\"Solutions\",\"item\":\"https:\/\/www.javelot-agriculture.com\/solutions\/\"},{\"@type\":\"ListItem\",\"position\":3,\"name\":\"Agriculteurs - Store&#038;save\",\"item\":\"https:\/\/www.javelot-agriculture.com\/solutions\/agriculteurs-store-save\/\"},{\"@type\":\"ListItem\",\"position\":4,\"name\":\"Optimisation du stockage et pilotage de la ventilation\"}]},{\"@type\":\"WebSite\",\"@id\":\"https:\/\/www.javelot-agriculture.com\/#website\",\"url\":\"https:\/\/www.javelot-agriculture.com\/\",\"name\":\"Javelot\",\"description\":\"Une Agritech qui optimise le stockage et la logistique agricole\",\"publisher\":{\"@id\":\"https:\/\/www.javelot-agriculture.com\/#organization\"},\"potentialAction\":[{\"@type\":\"SearchAction\",\"target\":{\"@type\":\"EntryPoint\",\"urlTemplate\":\"https:\/\/www.javelot-agriculture.com\/?s={search_term_string}\"},\"query-input\":{\"@type\":\"PropertyValueSpecification\",\"valueRequired\":true,\"valueName\":\"search_term_string\"}}],\"inLanguage\":\"pl-PL\"},{\"@type\":\"Organization\",\"@id\":\"https:\/\/www.javelot-agriculture.com\/#organization\",\"name\":\"Javelot\",\"url\":\"https:\/\/www.javelot-agriculture.com\/\",\"logo\":{\"@type\":\"ImageObject\",\"inLanguage\":\"pl-PL\",\"@id\":\"https:\/\/www.javelot-agriculture.com\/#\/schema\/logo\/image\/\",\"url\":\"https:\/\/www.javelot-agriculture.com\/wp-content\/uploads\/2023\/07\/Group-85.svg\",\"contentUrl\":\"https:\/\/www.javelot-agriculture.com\/wp-content\/uploads\/2023\/07\/Group-85.svg\",\"width\":173,\"height\":176,\"caption\":\"Javelot\"},\"image\":{\"@id\":\"https:\/\/www.javelot-agriculture.com\/#\/schema\/logo\/image\/\"}}]}<\/script>\n<!-- \/ Yoast SEO plugin. -->","yoast_head_json":{"title":"Plateforme connect\u00e9e pour le stockage agricole : Store & Save","description":"La plateforme Store & Save permet aux agriculteurs de g\u00e9rer, \u00e0 distance, le stockage des c\u00e9r\u00e9ales : temp\u00e9rature, ventilation, tra\u00e7abilit\u00e9...","robots":{"index":"index","follow":"follow","max-snippet":"max-snippet:-1","max-image-preview":"max-image-preview:large","max-video-preview":"max-video-preview:-1"},"canonical":"https:\/\/www.javelot-agriculture.com\/pl\/rozwiazania\/rolnicy-store-save\/https-www-javelot-agriculture-com-solutions-coop-negoces-store-save\/","og_locale":"pl_PL","og_type":"article","og_title":"Plateforme connect\u00e9e pour le stockage agricole : Store & Save","og_description":"La plateforme Store & Save permet aux agriculteurs de g\u00e9rer, \u00e0 distance, le stockage des c\u00e9r\u00e9ales : temp\u00e9rature, ventilation, tra\u00e7abilit\u00e9...","og_url":"https:\/\/www.javelot-agriculture.com\/pl\/rozwiazania\/rolnicy-store-save\/https-www-javelot-agriculture-com-solutions-coop-negoces-store-save\/","og_site_name":"Javelot","article_modified_time":"2025-04-24T14:53:58+00:00","twitter_card":"summary_large_image","schema":{"@context":"https:\/\/schema.org","@graph":[{"@type":"WebPage","@id":"https:\/\/www.javelot-agriculture.com\/solutions\/agriculteurs-store-save\/https-www-javelot-agriculture-com-solutions-coop-negoces-store-save\/","url":"https:\/\/www.javelot-agriculture.com\/solutions\/agriculteurs-store-save\/https-www-javelot-agriculture-com-solutions-coop-negoces-store-save\/","name":"Plateforme connect\u00e9e pour le stockage agricole : Store & Save","isPartOf":{"@id":"https:\/\/www.javelot-agriculture.com\/#website"},"datePublished":"2023-06-12T07:33:41+00:00","dateModified":"2025-04-24T14:53:58+00:00","description":"La plateforme Store & Save permet aux agriculteurs de g\u00e9rer, \u00e0 distance, le stockage des c\u00e9r\u00e9ales : temp\u00e9rature, ventilation, tra\u00e7abilit\u00e9...","breadcrumb":{"@id":"https:\/\/www.javelot-agriculture.com\/solutions\/agriculteurs-store-save\/https-www-javelot-agriculture-com-solutions-coop-negoces-store-save\/#breadcrumb"},"inLanguage":"pl-PL","potentialAction":[{"@type":"ReadAction","target":["https:\/\/www.javelot-agriculture.com\/solutions\/agriculteurs-store-save\/https-www-javelot-agriculture-com-solutions-coop-negoces-store-save\/"]}]},{"@type":"BreadcrumbList","@id":"https:\/\/www.javelot-agriculture.com\/solutions\/agriculteurs-store-save\/https-www-javelot-agriculture-com-solutions-coop-negoces-store-save\/#breadcrumb","itemListElement":[{"@type":"ListItem","position":1,"name":"Accueil","item":"https:\/\/www.javelot-agriculture.com\/"},{"@type":"ListItem","position":2,"name":"Solutions","item":"https:\/\/www.javelot-agriculture.com\/solutions\/"},{"@type":"ListItem","position":3,"name":"Agriculteurs - Store&#038;save","item":"https:\/\/www.javelot-agriculture.com\/solutions\/agriculteurs-store-save\/"},{"@type":"ListItem","position":4,"name":"Optimisation du stockage et pilotage de la ventilation"}]},{"@type":"WebSite","@id":"https:\/\/www.javelot-agriculture.com\/#website","url":"https:\/\/www.javelot-agriculture.com\/","name":"Javelot","description":"Une Agritech qui optimise le stockage et la logistique agricole","publisher":{"@id":"https:\/\/www.javelot-agriculture.com\/#organization"},"potentialAction":[{"@type":"SearchAction","target":{"@type":"EntryPoint","urlTemplate":"https:\/\/www.javelot-agriculture.com\/?s={search_term_string}"},"query-input":{"@type":"PropertyValueSpecification","valueRequired":true,"valueName":"search_term_string"}}],"inLanguage":"pl-PL"},{"@type":"Organization","@id":"https:\/\/www.javelot-agriculture.com\/#organization","name":"Javelot","url":"https:\/\/www.javelot-agriculture.com\/","logo":{"@type":"ImageObject","inLanguage":"pl-PL","@id":"https:\/\/www.javelot-agriculture.com\/#\/schema\/logo\/image\/","url":"https:\/\/www.javelot-agriculture.com\/wp-content\/uploads\/2023\/07\/Group-85.svg","contentUrl":"https:\/\/www.javelot-agriculture.com\/wp-content\/uploads\/2023\/07\/Group-85.svg","width":173,"height":176,"caption":"Javelot"},"image":{"@id":"https:\/\/www.javelot-agriculture.com\/#\/schema\/logo\/image\/"}}]}},"_links":{"self":[{"href":"https:\/\/www.javelot-agriculture.com\/pl\/wp-json\/wp\/v2\/pages\/186","targetHints":{"allow":["GET"]}}],"collection":[{"href":"https:\/\/www.javelot-agriculture.com\/pl\/wp-json\/wp\/v2\/pages"}],"about":[{"href":"https:\/\/www.javelot-agriculture.com\/pl\/wp-json\/wp\/v2\/types\/page"}],"author":[{"embeddable":true,"href":"https:\/\/www.javelot-agriculture.com\/pl\/wp-json\/wp\/v2\/users\/1"}],"replies":[{"embeddable":true,"href":"https:\/\/www.javelot-agriculture.com\/pl\/wp-json\/wp\/v2\/comments?post=186"}],"version-history":[{"count":3,"href":"https:\/\/www.javelot-agriculture.com\/pl\/wp-json\/wp\/v2\/pages\/186\/revisions"}],"predecessor-version":[{"id":2647,"href":"https:\/\/www.javelot-agriculture.com\/pl\/wp-json\/wp\/v2\/pages\/186\/revisions\/2647"}],"up":[{"embeddable":true,"href":"https:\/\/www.javelot-agriculture.com\/pl\/wp-json\/wp\/v2\/pages\/26"}],"wp:attachment":[{"href":"https:\/\/www.javelot-agriculture.com\/pl\/wp-json\/wp\/v2\/media?parent=186"}],"curies":[{"name":"wp","href":"https:\/\/api.w.org\/{rel}","templated":true}]}}