{"id":27,"date":"2023-05-09T12:19:04","date_gmt":"2023-05-09T10:19:04","guid":{"rendered":"https:\/\/www.javelot-agriculture.com\/?page_id=27"},"modified":"2024-12-10T12:03:30","modified_gmt":"2024-12-10T11:03:30","slug":"coop-negoces-store-save","status":"publish","type":"page","link":"https:\/\/www.javelot-agriculture.com\/pl\/rozwiazania\/spoldzielnie-sklepy-store-save\/","title":{"rendered":"spoldzielnie&amp;sklepy - Store&amp;save"},"content":{"rendered":"","protected":false},"excerpt":{"rendered":"","protected":false},"author":1,"featured_media":0,"parent":11,"menu_order":1,"comment_status":"closed","ping_status":"closed","template":"","meta":{"_acf_changed":false,"inline_featured_image":false,"footnotes":""},"class_list":["post-27","page","type-page","status-publish","hentry"],"acf":[],"yoast_head":"<!-- This site is optimized with the Yoast SEO plugin v23.9 - https:\/\/yoast.com\/wordpress\/plugins\/seo\/ -->\n<title>Store&amp;save, notre OAD d\u00e9di\u00e9 au stockage des c\u00e9r\u00e9ales | Javelot<\/title>\n<meta name=\"description\" content=\"D\u00e9couvrez notre plateforme digitale pour optimiser vos performances de stockages de c\u00e9r\u00e9ales et garantir une tra\u00e7abilit\u00e9 compl\u00e8te.\" \/>\n<meta name=\"robots\" content=\"index, follow, max-snippet:-1, max-image-preview:large, max-video-preview:-1\" \/>\n<link rel=\"canonical\" href=\"https:\/\/www.javelot-agriculture.com\/pl\/rozwiazania\/spoldzielnie-sklepy-store-save\/\" \/>\n<meta property=\"og:locale\" content=\"pl_PL\" \/>\n<meta property=\"og:type\" content=\"article\" \/>\n<meta property=\"og:title\" content=\"Store&amp;save, notre OAD d\u00e9di\u00e9 au stockage des c\u00e9r\u00e9ales | Javelot\" \/>\n<meta property=\"og:description\" content=\"D\u00e9couvrez notre plateforme digitale pour optimiser vos performances de stockages de c\u00e9r\u00e9ales et garantir une tra\u00e7abilit\u00e9 compl\u00e8te.\" \/>\n<meta property=\"og:url\" content=\"https:\/\/www.javelot-agriculture.com\/pl\/rozwiazania\/spoldzielnie-sklepy-store-save\/\" \/>\n<meta property=\"og:site_name\" content=\"Javelot\" \/>\n<meta property=\"article:modified_time\" content=\"2024-12-10T11:03:30+00:00\" \/>\n<meta name=\"twitter:card\" content=\"summary_large_image\" \/>\n<meta name=\"twitter:label1\" content=\"Est. reading time\" \/>\n\t<meta name=\"twitter:data1\" content=\"14 minutes\" \/>\n<script type=\"application\/ld+json\" class=\"yoast-schema-graph\">{\"@context\":\"https:\/\/schema.org\",\"@graph\":[{\"@type\":\"WebPage\",\"@id\":\"https:\/\/www.javelot-agriculture.com\/solutions\/coop-negoces-store-save\/\",\"url\":\"https:\/\/www.javelot-agriculture.com\/solutions\/coop-negoces-store-save\/\",\"name\":\"Store&save, notre OAD d\u00e9di\u00e9 au stockage des c\u00e9r\u00e9ales | Javelot\",\"isPartOf\":{\"@id\":\"https:\/\/www.javelot-agriculture.com\/#website\"},\"datePublished\":\"2023-05-09T10:19:04+00:00\",\"dateModified\":\"2024-12-10T11:03:30+00:00\",\"description\":\"D\u00e9couvrez notre plateforme digitale pour optimiser vos performances de stockages de c\u00e9r\u00e9ales et garantir une tra\u00e7abilit\u00e9 compl\u00e8te.\",\"breadcrumb\":{\"@id\":\"https:\/\/www.javelot-agriculture.com\/solutions\/coop-negoces-store-save\/#breadcrumb\"},\"inLanguage\":\"pl-PL\",\"potentialAction\":[{\"@type\":\"ReadAction\",\"target\":[\"https:\/\/www.javelot-agriculture.com\/solutions\/coop-negoces-store-save\/\"]}]},{\"@type\":\"BreadcrumbList\",\"@id\":\"https:\/\/www.javelot-agriculture.com\/solutions\/coop-negoces-store-save\/#breadcrumb\",\"itemListElement\":[{\"@type\":\"ListItem\",\"position\":1,\"name\":\"Accueil\",\"item\":\"https:\/\/www.javelot-agriculture.com\/\"},{\"@type\":\"ListItem\",\"position\":2,\"name\":\"Solutions\",\"item\":\"https:\/\/www.javelot-agriculture.com\/solutions\/\"},{\"@type\":\"ListItem\",\"position\":3,\"name\":\"Coop &#038; n\u00e9goces - Store&#038;save\"}]},{\"@type\":\"WebSite\",\"@id\":\"https:\/\/www.javelot-agriculture.com\/#website\",\"url\":\"https:\/\/www.javelot-agriculture.com\/\",\"name\":\"Javelot\",\"description\":\"Une Agritech qui optimise le stockage et la logistique agricole\",\"publisher\":{\"@id\":\"https:\/\/www.javelot-agriculture.com\/#organization\"},\"potentialAction\":[{\"@type\":\"SearchAction\",\"target\":{\"@type\":\"EntryPoint\",\"urlTemplate\":\"https:\/\/www.javelot-agriculture.com\/?s={search_term_string}\"},\"query-input\":{\"@type\":\"PropertyValueSpecification\",\"valueRequired\":true,\"valueName\":\"search_term_string\"}}],\"inLanguage\":\"pl-PL\"},{\"@type\":\"Organization\",\"@id\":\"https:\/\/www.javelot-agriculture.com\/#organization\",\"name\":\"Javelot\",\"url\":\"https:\/\/www.javelot-agriculture.com\/\",\"logo\":{\"@type\":\"ImageObject\",\"inLanguage\":\"pl-PL\",\"@id\":\"https:\/\/www.javelot-agriculture.com\/#\/schema\/logo\/image\/\",\"url\":\"https:\/\/www.javelot-agriculture.com\/wp-content\/uploads\/2023\/07\/Group-85.svg\",\"contentUrl\":\"https:\/\/www.javelot-agriculture.com\/wp-content\/uploads\/2023\/07\/Group-85.svg\",\"width\":173,\"height\":176,\"caption\":\"Javelot\"},\"image\":{\"@id\":\"https:\/\/www.javelot-agriculture.com\/#\/schema\/logo\/image\/\"}}]}<\/script>\n<!-- \/ Yoast SEO plugin. -->","yoast_head_json":{"title":"Store&save, notre OAD d\u00e9di\u00e9 au stockage des c\u00e9r\u00e9ales | Javelot","description":"D\u00e9couvrez notre plateforme digitale pour optimiser vos performances de stockages de c\u00e9r\u00e9ales et garantir une tra\u00e7abilit\u00e9 compl\u00e8te.","robots":{"index":"index","follow":"follow","max-snippet":"max-snippet:-1","max-image-preview":"max-image-preview:large","max-video-preview":"max-video-preview:-1"},"canonical":"https:\/\/www.javelot-agriculture.com\/pl\/rozwiazania\/spoldzielnie-sklepy-store-save\/","og_locale":"pl_PL","og_type":"article","og_title":"Store&save, notre OAD d\u00e9di\u00e9 au stockage des c\u00e9r\u00e9ales | Javelot","og_description":"D\u00e9couvrez notre plateforme digitale pour optimiser vos performances de stockages de c\u00e9r\u00e9ales et garantir une tra\u00e7abilit\u00e9 compl\u00e8te.","og_url":"https:\/\/www.javelot-agriculture.com\/pl\/rozwiazania\/spoldzielnie-sklepy-store-save\/","og_site_name":"Javelot","article_modified_time":"2024-12-10T11:03:30+00:00","twitter_card":"summary_large_image","twitter_misc":{"Est. reading time":"14 minutes"},"schema":{"@context":"https:\/\/schema.org","@graph":[{"@type":"WebPage","@id":"https:\/\/www.javelot-agriculture.com\/solutions\/coop-negoces-store-save\/","url":"https:\/\/www.javelot-agriculture.com\/solutions\/coop-negoces-store-save\/","name":"Store&save, notre OAD d\u00e9di\u00e9 au stockage des c\u00e9r\u00e9ales | Javelot","isPartOf":{"@id":"https:\/\/www.javelot-agriculture.com\/#website"},"datePublished":"2023-05-09T10:19:04+00:00","dateModified":"2024-12-10T11:03:30+00:00","description":"D\u00e9couvrez notre plateforme digitale pour optimiser vos performances de stockages de c\u00e9r\u00e9ales et garantir une tra\u00e7abilit\u00e9 compl\u00e8te.","breadcrumb":{"@id":"https:\/\/www.javelot-agriculture.com\/solutions\/coop-negoces-store-save\/#breadcrumb"},"inLanguage":"pl-PL","potentialAction":[{"@type":"ReadAction","target":["https:\/\/www.javelot-agriculture.com\/solutions\/coop-negoces-store-save\/"]}]},{"@type":"BreadcrumbList","@id":"https:\/\/www.javelot-agriculture.com\/solutions\/coop-negoces-store-save\/#breadcrumb","itemListElement":[{"@type":"ListItem","position":1,"name":"Accueil","item":"https:\/\/www.javelot-agriculture.com\/"},{"@type":"ListItem","position":2,"name":"Solutions","item":"https:\/\/www.javelot-agriculture.com\/solutions\/"},{"@type":"ListItem","position":3,"name":"Coop &#038; n\u00e9goces - Store&#038;save"}]},{"@type":"WebSite","@id":"https:\/\/www.javelot-agriculture.com\/#website","url":"https:\/\/www.javelot-agriculture.com\/","name":"Javelot","description":"Une Agritech qui optimise le stockage et la logistique agricole","publisher":{"@id":"https:\/\/www.javelot-agriculture.com\/#organization"},"potentialAction":[{"@type":"SearchAction","target":{"@type":"EntryPoint","urlTemplate":"https:\/\/www.javelot-agriculture.com\/?s={search_term_string}"},"query-input":{"@type":"PropertyValueSpecification","valueRequired":true,"valueName":"search_term_string"}}],"inLanguage":"pl-PL"},{"@type":"Organization","@id":"https:\/\/www.javelot-agriculture.com\/#organization","name":"Javelot","url":"https:\/\/www.javelot-agriculture.com\/","logo":{"@type":"ImageObject","inLanguage":"pl-PL","@id":"https:\/\/www.javelot-agriculture.com\/#\/schema\/logo\/image\/","url":"https:\/\/www.javelot-agriculture.com\/wp-content\/uploads\/2023\/07\/Group-85.svg","contentUrl":"https:\/\/www.javelot-agriculture.com\/wp-content\/uploads\/2023\/07\/Group-85.svg","width":173,"height":176,"caption":"Javelot"},"image":{"@id":"https:\/\/www.javelot-agriculture.com\/#\/schema\/logo\/image\/"}}]}},"_links":{"self":[{"href":"https:\/\/www.javelot-agriculture.com\/pl\/wp-json\/wp\/v2\/pages\/27","targetHints":{"allow":["GET"]}}],"collection":[{"href":"https:\/\/www.javelot-agriculture.com\/pl\/wp-json\/wp\/v2\/pages"}],"about":[{"href":"https:\/\/www.javelot-agriculture.com\/pl\/wp-json\/wp\/v2\/types\/page"}],"author":[{"embeddable":true,"href":"https:\/\/www.javelot-agriculture.com\/pl\/wp-json\/wp\/v2\/users\/1"}],"replies":[{"embeddable":true,"href":"https:\/\/www.javelot-agriculture.com\/pl\/wp-json\/wp\/v2\/comments?post=27"}],"version-history":[{"count":5,"href":"https:\/\/www.javelot-agriculture.com\/pl\/wp-json\/wp\/v2\/pages\/27\/revisions"}],"predecessor-version":[{"id":1297,"href":"https:\/\/www.javelot-agriculture.com\/pl\/wp-json\/wp\/v2\/pages\/27\/revisions\/1297"}],"up":[{"embeddable":true,"href":"https:\/\/www.javelot-agriculture.com\/pl\/wp-json\/wp\/v2\/pages\/11"}],"wp:attachment":[{"href":"https:\/\/www.javelot-agriculture.com\/pl\/wp-json\/wp\/v2\/media?parent=27"}],"curies":[{"name":"wp","href":"https:\/\/api.w.org\/{rel}","templated":true}]}}